{"id":8552,"date":"2020-12-07T20:59:24","date_gmt":"2020-12-07T20:59:24","guid":{"rendered":"https:\/\/staging.encore-mx.com\/video-media-production\/"},"modified":"2020-12-22T05:08:34","modified_gmt":"2020-12-22T05:08:34","slug":"video-media-production","status":"publish","type":"page","link":"https:\/\/old.encore-mx.com\/es\/creatividad\/video-media-production\/","title":{"rendered":"Producci\u00f3n de Videos y Medios"},"content":{"rendered":"\t\t<div data-elementor-type=\"wp-page\" data-elementor-id=\"8552\" class=\"elementor elementor-8552 elementor-7543\" data-elementor-post-type=\"page\">\n\t\t\t\t\t\t<section class=\"elementor-section elementor-top-section elementor-element elementor-element-776ee189 elementor-section-stretched logo-bg left grey-border-bottom elementor-section-boxed elementor-section-height-default elementor-section-height-default\" data-id=\"776ee189\" data-element_type=\"section\" data-settings=\"{&quot;stretch_section&quot;:&quot;section-stretched&quot;,&quot;background_background&quot;:&quot;classic&quot;}\">\n\t\t\t\t\t\t<div class=\"elementor-container elementor-column-gap-default\">\n\t\t\t\t\t<div class=\"elementor-column elementor-col-33 elementor-top-column elementor-element elementor-element-7757dbd3\" data-id=\"7757dbd3\" data-element_type=\"column\">\n\t\t\t<div class=\"elementor-widget-wrap elementor-element-populated\">\n\t\t\t\t\t\t<div class=\"elementor-element elementor-element-33d8d348 elementor-widget elementor-widget-image\" data-id=\"33d8d348\" data-element_type=\"widget\" data-widget_type=\"image.default\">\n\t\t\t\t<div class=\"elementor-widget-container\">\n\t\t\t\t\t\t\t\t\t\t\t\t\t\t\t<img fetchpriority=\"high\" decoding=\"async\" width=\"301\" height=\"301\" src=\"https:\/\/cdn.encoreglobal.com\/wp-content\/uploads\/sites\/4\/2020\/12\/07210034\/design.png\" class=\"attachment-full size-full wp-image-7546\" alt=\"\" srcset=\"https:\/\/cdn.encoreglobal.com\/wp-content\/uploads\/sites\/4\/2020\/12\/07210034\/design.png 301w, https:\/\/cdn.encoreglobal.com\/wp-content\/uploads\/sites\/4\/2020\/12\/07210034\/design-150x150.png 150w\" sizes=\"(max-width: 301px) 100vw, 301px\" \/>\t\t\t\t\t\t\t\t\t\t\t\t\t\t\t<\/div>\n\t\t\t\t<\/div>\n\t\t\t\t\t<\/div>\n\t\t<\/div>\n\t\t\t\t<div class=\"elementor-column elementor-col-66 elementor-top-column elementor-element elementor-element-a6f9e7d\" data-id=\"a6f9e7d\" data-element_type=\"column\">\n\t\t\t<div class=\"elementor-widget-wrap elementor-element-populated\">\n\t\t\t\t\t\t<div class=\"elementor-element elementor-element-4d198292 elementor-widget elementor-widget-text-editor\" data-id=\"4d198292\" data-element_type=\"widget\" data-widget_type=\"text-editor.default\">\n\t\t\t\t<div class=\"elementor-widget-container\">\n\t\t\t\t\t\t\t\t\t<h2>MARCA<\/h2><p><strong>Las experiencias transforman lo que las personas sienten de tu marca.<\/strong><\/p><p>Tu marca es m\u00e1s que tu logo. Es tu identidad y voz distintiva. Tu marca representa c\u00f3mo se sienten las personas cuando piensan en tu organizaci\u00f3n. Una experiencia en vivo es un reflejo tangible de tu marca, y es una oportunidad \u00fanica para dejar una impresi\u00f3n impactante y duradera.<\/p><p>Desde el dise\u00f1o de stands individuales que destacan en un mar de cientos para conceptualizar la apariencia y sensaci\u00f3n de eventos a gran escala, adoptamos con entusiasmo el rol de administrador de marca. Lo hacemos con cualquier entorno, a cualquier escala. Ya sea que tu espacio es limitado o que necesitas transformar tu locaci\u00f3n entera, nuestros equipos amplifican tu marca a trav\u00e9s del contenido, dise\u00f1o, y uso creativo de materiales. Pero eso es solo el comienzo; tambi\u00e9n podr\u00e1s entablar conversaciones y profundizar relaciones con las audiencias m\u00e1s importantes.<\/p>\t\t\t\t\t\t\t\t<\/div>\n\t\t\t\t<\/div>\n\t\t\t\t\t<\/div>\n\t\t<\/div>\n\t\t\t\t\t<\/div>\n\t\t<\/section>\n\t\t\t\t<section class=\"elementor-section elementor-top-section elementor-element elementor-element-7466bd52 elementor-section-stretched logo-bg right grey-border-bottom elementor-section-boxed elementor-section-height-default elementor-section-height-default\" data-id=\"7466bd52\" data-element_type=\"section\" data-settings=\"{&quot;stretch_section&quot;:&quot;section-stretched&quot;}\">\n\t\t\t\t\t\t<div class=\"elementor-container elementor-column-gap-default\">\n\t\t\t\t\t<div class=\"elementor-column elementor-col-66 elementor-top-column elementor-element elementor-element-4fe191a7\" data-id=\"4fe191a7\" data-element_type=\"column\">\n\t\t\t<div class=\"elementor-widget-wrap elementor-element-populated\">\n\t\t\t\t\t\t<div class=\"elementor-element elementor-element-bc1bc64 elementor-widget elementor-widget-text-editor\" data-id=\"bc1bc64\" data-element_type=\"widget\" data-widget_type=\"text-editor.default\">\n\t\t\t\t<div class=\"elementor-widget-container\">\n\t\t\t\t\t\t\t\t\t<h2>DESARROLLO DE CONTENIDO<\/h2><p><strong>Convierte audiencias pasivas en comprometidas con el contenido inteligente que resuena a largo plazo.<\/strong><\/p><p>Desde la redacci\u00f3n de material publicitario y gu\u00edas de conferencias, hasta el desarrollo de contenido para sesiones generales y presentaciones clave, nos esforzamos por capturar la esencia de tu mensaje y tu marca en cada palabra. Esto no proviene de navegar por tu sitio web o analizar su \u00faltimo reporte anual. Aprendemos de tu lenguaje, estudiamos tu cultura. Nos sumergimos profundamente para entender tus objetivos, desaf\u00edos, y hacia d\u00f3nde desea llegar tu organizaci\u00f3n. A trav\u00e9s de una asociaci\u00f3n genuina, desarrollamos contenido que comunica exactamente lo que deseas.<\/p>\t\t\t\t\t\t\t\t<\/div>\n\t\t\t\t<\/div>\n\t\t\t\t\t<\/div>\n\t\t<\/div>\n\t\t\t\t<div class=\"elementor-column elementor-col-33 elementor-top-column elementor-element elementor-element-63351592\" data-id=\"63351592\" data-element_type=\"column\">\n\t\t\t<div class=\"elementor-widget-wrap elementor-element-populated\">\n\t\t\t\t\t\t<div class=\"elementor-element elementor-element-297eddea elementor-widget elementor-widget-image\" data-id=\"297eddea\" data-element_type=\"widget\" data-widget_type=\"image.default\">\n\t\t\t\t<div class=\"elementor-widget-container\">\n\t\t\t\t\t\t\t\t\t\t\t\t\t\t\t<img decoding=\"async\" width=\"2560\" height=\"1567\" src=\"https:\/\/cdn.encoreglobal.com\/wp-content\/uploads\/sites\/4\/2020\/12\/07210035\/Graphic-Design1-1-scaled-1.jpg\" class=\"attachment-full size-full wp-image-7548\" alt=\"\" srcset=\"https:\/\/cdn.encoreglobal.com\/wp-content\/uploads\/sites\/4\/2020\/12\/07210035\/Graphic-Design1-1-scaled-1.jpg 2560w, https:\/\/cdn.encoreglobal.com\/wp-content\/uploads\/sites\/4\/2020\/12\/07210035\/Graphic-Design1-1-scaled-1-300x184.jpg 300w, https:\/\/cdn.encoreglobal.com\/wp-content\/uploads\/sites\/4\/2020\/12\/07210035\/Graphic-Design1-1-scaled-1-1024x627.jpg 1024w, https:\/\/cdn.encoreglobal.com\/wp-content\/uploads\/sites\/4\/2020\/12\/07210035\/Graphic-Design1-1-scaled-1-768x470.jpg 768w, https:\/\/cdn.encoreglobal.com\/wp-content\/uploads\/sites\/4\/2020\/12\/07210035\/Graphic-Design1-1-scaled-1-1536x940.jpg 1536w, https:\/\/cdn.encoreglobal.com\/wp-content\/uploads\/sites\/4\/2020\/12\/07210035\/Graphic-Design1-1-scaled-1-2048x1254.jpg 2048w\" sizes=\"(max-width: 2560px) 100vw, 2560px\" \/>\t\t\t\t\t\t\t\t\t\t\t\t\t\t\t<\/div>\n\t\t\t\t<\/div>\n\t\t\t\t\t<\/div>\n\t\t<\/div>\n\t\t\t\t\t<\/div>\n\t\t<\/section>\n\t\t\t\t<section class=\"elementor-section elementor-top-section elementor-element elementor-element-dabd5ed elementor-section-stretched logo-bg left elementor-section-boxed elementor-section-height-default elementor-section-height-default\" data-id=\"dabd5ed\" data-element_type=\"section\" data-settings=\"{&quot;stretch_section&quot;:&quot;section-stretched&quot;}\">\n\t\t\t\t\t\t<div class=\"elementor-container elementor-column-gap-default\">\n\t\t\t\t\t<div class=\"elementor-column elementor-col-33 elementor-top-column elementor-element elementor-element-22064685\" data-id=\"22064685\" data-element_type=\"column\">\n\t\t\t<div class=\"elementor-widget-wrap elementor-element-populated\">\n\t\t\t\t\t\t<div class=\"elementor-element elementor-element-6ad73d67 elementor-widget elementor-widget-image\" data-id=\"6ad73d67\" data-element_type=\"widget\" data-widget_type=\"image.default\">\n\t\t\t\t<div class=\"elementor-widget-container\">\n\t\t\t\t\t\t\t\t\t\t\t\t\t\t\t<img decoding=\"async\" width=\"301\" height=\"301\" src=\"https:\/\/cdn.encoreglobal.com\/wp-content\/uploads\/sites\/4\/2020\/12\/07210036\/mic.png\" class=\"attachment-full size-full wp-image-7550\" alt=\"\" srcset=\"https:\/\/cdn.encoreglobal.com\/wp-content\/uploads\/sites\/4\/2020\/12\/07210036\/mic.png 301w, https:\/\/cdn.encoreglobal.com\/wp-content\/uploads\/sites\/4\/2020\/12\/07210036\/mic-150x150.png 150w\" sizes=\"(max-width: 301px) 100vw, 301px\" \/>\t\t\t\t\t\t\t\t\t\t\t\t\t\t\t<\/div>\n\t\t\t\t<\/div>\n\t\t\t\t\t<\/div>\n\t\t<\/div>\n\t\t\t\t<div class=\"elementor-column elementor-col-66 elementor-top-column elementor-element elementor-element-711d26fe\" data-id=\"711d26fe\" data-element_type=\"column\">\n\t\t\t<div class=\"elementor-widget-wrap elementor-element-populated\">\n\t\t\t\t\t\t<div class=\"elementor-element elementor-element-7e8aa50b elementor-widget elementor-widget-text-editor\" data-id=\"7e8aa50b\" data-element_type=\"widget\" data-widget_type=\"text-editor.default\">\n\t\t\t\t<div class=\"elementor-widget-container\">\n\t\t\t\t\t\t\t\t\t<h2>ENTRETENIMIENTO Y PONENTES INVITADOS<\/h2><p><b>Lleva al escenario a artistas que conecten con tu audiencia y amplifiquen tu mensaje.<\/b><\/p><p>Nada atrae m\u00e1s a la audiencia, que una incre\u00edble presentaci\u00f3n. Mientras que esta experiencia compartida crea recuerdos inolvidables, tambi\u00e9n es un poderoso reflejo de tu marca. A quien elijas para poner en el escenario tiene una impresi\u00f3n e impacto.<\/p><p>Si bien el talento actual genera expectaci\u00f3n, es vital que el acto, el artista o el ponente est\u00e9n conectados a la historia que deseas contar. Una presentaci\u00f3n que est\u00e9 en sinton\u00eda con su marca y resuene con la audiencia, verdaderamente inspirar\u00e1 la acci\u00f3n.<\/p>\t\t\t\t\t\t\t\t<\/div>\n\t\t\t\t<\/div>\n\t\t\t\t\t<\/div>\n\t\t<\/div>\n\t\t\t\t\t<\/div>\n\t\t<\/section>\n\t\t\t\t<section class=\"elementor-section elementor-top-section elementor-element elementor-element-26bf53 elementor-section-stretched logo-bg right grey-border-bottom elementor-section-boxed elementor-section-height-default elementor-section-height-default\" data-id=\"26bf53\" data-element_type=\"section\" data-settings=\"{&quot;stretch_section&quot;:&quot;section-stretched&quot;}\">\n\t\t\t\t\t\t<div class=\"elementor-container elementor-column-gap-default\">\n\t\t\t\t\t<div class=\"elementor-column elementor-col-66 elementor-top-column elementor-element elementor-element-1fe11389\" data-id=\"1fe11389\" data-element_type=\"column\">\n\t\t\t<div class=\"elementor-widget-wrap elementor-element-populated\">\n\t\t\t\t\t\t<div class=\"elementor-element elementor-element-4d8fd79d elementor-widget elementor-widget-text-editor\" data-id=\"4d8fd79d\" data-element_type=\"widget\" data-widget_type=\"text-editor.default\">\n\t\t\t\t<div class=\"elementor-widget-container\">\n\t\t\t\t\t\t\t\t\t<h2>DISE\u00d1O DE EXPOSICI\u00d3N<\/h2><p><b>El dise\u00f1o de exhibici\u00f3n de vanguardia logra iniciar la conversaci\u00f3n.<\/b><\/p><p>Tu exhibici\u00f3n necesita trabajar tan duro como t\u00fa. Debe incorporar tu marca para atraer y fidelizar a los clientes, mostrar soluciones y ayudarte a manejar negocios.<\/p><p>Ya sea que necesites una renta r\u00e1pida y f\u00e1cil, mejoras para tu stand actual, o un dise\u00f1o personalizado m\u00e1s complejo, nuestro galardonado equipo ofrece soluciones de exhibici\u00f3n para satisfacer todas las necesidades. Tambi\u00e9n podemos mejorar tu feria comercial con iluminaci\u00f3n, pantallas digitales, y una variedad de paquetes de tecnolog\u00eda para enriquecer la experiencia, inspirar la interacci\u00f3n, y fortalecer las conexiones.<\/p>\t\t\t\t\t\t\t\t<\/div>\n\t\t\t\t<\/div>\n\t\t\t\t\t<\/div>\n\t\t<\/div>\n\t\t\t\t<div class=\"elementor-column elementor-col-33 elementor-top-column elementor-element elementor-element-3a277455\" data-id=\"3a277455\" data-element_type=\"column\">\n\t\t\t<div class=\"elementor-widget-wrap elementor-element-populated\">\n\t\t\t\t\t\t<div class=\"elementor-element elementor-element-71ffa322 elementor-widget elementor-widget-image\" data-id=\"71ffa322\" data-element_type=\"widget\" data-widget_type=\"image.default\">\n\t\t\t\t<div class=\"elementor-widget-container\">\n\t\t\t\t\t\t\t\t\t\t\t\t\t\t\t\t<a href=\"https:\/\/info.encoreglobal.com\/app\/uploads\/sites\/4\/2020\/10\/event.png\" data-elementor-open-lightbox=\"yes\" data-elementor-lightbox-title=\"event.png\" data-e-action-hash=\"#elementor-action%3Aaction%3Dlightbox%26settings%3DeyJpZCI6Mzc4OCwidXJsIjoiaHR0cHM6XC9cL2Nkbi5lbmNvcmVnbG9iYWwuY29tXC93cC1jb250ZW50XC91cGxvYWRzXC9zaXRlc1wvNFwvMjAyMFwvMTBcLzA3MTM0MDEwXC9ldmVudC5wbmcifQ%3D%3D\">\n\t\t\t\t\t\t\t<img loading=\"lazy\" decoding=\"async\" width=\"301\" height=\"301\" src=\"https:\/\/cdn.encoreglobal.com\/wp-content\/uploads\/sites\/4\/2020\/10\/07134010\/event.png\" class=\"attachment-large size-large wp-image-3788\" alt=\"\" srcset=\"https:\/\/cdn.encoreglobal.com\/wp-content\/uploads\/sites\/4\/2020\/10\/07134010\/event.png 301w, https:\/\/cdn.encoreglobal.com\/wp-content\/uploads\/sites\/4\/2020\/10\/07134010\/event-150x150.png 150w\" sizes=\"(max-width: 301px) 100vw, 301px\" \/>\t\t\t\t\t\t\t\t<\/a>\n\t\t\t\t\t\t\t\t\t\t\t\t\t\t\t<\/div>\n\t\t\t\t<\/div>\n\t\t\t\t\t<\/div>\n\t\t<\/div>\n\t\t\t\t\t<\/div>\n\t\t<\/section>\n\t\t\t\t<\/div>\n\t\t","protected":false},"excerpt":{"rendered":"<p>MARCA Las experiencias transforman lo que las personas sienten de tu marca. Tu marca es m\u00e1s que tu logo. Es tu identidad y voz distintiva. Tu marca representa c\u00f3mo se sienten las personas cuando piensan en tu organizaci\u00f3n. Una experiencia en vivo es un reflejo tangible de tu marca, y es una oportunidad \u00fanica para &#8230; <a href=\"https:\/\/old.encore-mx.com\/es\/creatividad\/video-media-production\/\">CONOCE M\u00c1S<\/a><\/p>\n","protected":false},"author":6934,"featured_media":0,"parent":3345,"menu_order":0,"comment_status":"closed","ping_status":"closed","template":"","meta":{"footnotes":""},"tags":[],"class_list":["post-8552","page","type-page","status-publish","hentry"],"yoast_head":"<!-- This site is optimized with the Yoast SEO Premium plugin v25.4 (Yoast SEO v25.4) - https:\/\/yoast.com\/wordpress\/plugins\/seo\/ -->\n<title>Producci\u00f3n de Videos y Medios - Event Management | Encore Mexico<\/title>\n<meta name=\"description\" content=\"MARCA Las experiencias transforman lo que las personas sienten de tu marca. Tu marca es m\u00e1s que tu logo. Es tu identidad y voz distintiva. Tu marca\" \/>\n<meta name=\"robots\" content=\"noindex, follow, max-snippet:-1, max-image-preview:large, max-video-preview:-1\" \/>\n<meta property=\"og:locale\" content=\"es_ES\" \/>\n<meta property=\"og:type\" content=\"article\" \/>\n<meta property=\"og:title\" content=\"Producci\u00f3n de Videos y Medios\" \/>\n<meta property=\"og:description\" content=\"MARCA Las experiencias transforman lo que las personas sienten de tu marca. Tu marca es m\u00e1s que tu logo. Es tu identidad y voz distintiva. Tu marca\" \/>\n<meta property=\"og:url\" content=\"https:\/\/old.encore-mx.com\/es\/creatividad\/video-media-production\/\" \/>\n<meta property=\"og:site_name\" content=\"Encore Mexico\" \/>\n<meta property=\"article:modified_time\" content=\"2020-12-22T05:08:34+00:00\" \/>\n<meta property=\"og:image\" content=\"https:\/\/staging.encoreglobal.com\/app\/uploads\/sites\/4\/2020\/12\/design.png\" \/>\n<meta name=\"twitter:card\" content=\"summary_large_image\" \/>\n<meta name=\"twitter:label1\" content=\"Tiempo de lectura\" \/>\n\t<meta name=\"twitter:data1\" content=\"2 minutos\" \/>\n<script type=\"application\/ld+json\" class=\"yoast-schema-graph\">{\"@context\":\"https:\/\/schema.org\",\"@graph\":[{\"@type\":\"WebPage\",\"@id\":\"https:\/\/old.encore-mx.com\/es\/creatividad\/video-media-production\/\",\"url\":\"https:\/\/old.encore-mx.com\/es\/creatividad\/video-media-production\/\",\"name\":\"Producci\u00f3n de Videos y Medios - Event Management | Encore Mexico\",\"isPartOf\":{\"@id\":\"https:\/\/old.encore-mx.com\/#website\"},\"primaryImageOfPage\":{\"@id\":\"https:\/\/old.encore-mx.com\/es\/creatividad\/video-media-production\/#primaryimage\"},\"image\":{\"@id\":\"https:\/\/old.encore-mx.com\/es\/creatividad\/video-media-production\/#primaryimage\"},\"thumbnailUrl\":\"https:\/\/staging.encoreglobal.com\/app\/uploads\/sites\/4\/2020\/12\/design.png\",\"datePublished\":\"2020-12-07T20:59:24+00:00\",\"dateModified\":\"2020-12-22T05:08:34+00:00\",\"description\":\"MARCA Las experiencias transforman lo que las personas sienten de tu marca. Tu marca es m\u00e1s que tu logo. Es tu identidad y voz distintiva. Tu marca\",\"breadcrumb\":{\"@id\":\"https:\/\/old.encore-mx.com\/es\/creatividad\/video-media-production\/#breadcrumb\"},\"inLanguage\":\"es\",\"potentialAction\":[{\"@type\":\"ReadAction\",\"target\":[\"https:\/\/old.encore-mx.com\/es\/creatividad\/video-media-production\/\"]}]},{\"@type\":\"ImageObject\",\"inLanguage\":\"es\",\"@id\":\"https:\/\/old.encore-mx.com\/es\/creatividad\/video-media-production\/#primaryimage\",\"url\":\"https:\/\/staging.encoreglobal.com\/app\/uploads\/sites\/4\/2020\/12\/design.png\",\"contentUrl\":\"https:\/\/staging.encoreglobal.com\/app\/uploads\/sites\/4\/2020\/12\/design.png\"},{\"@type\":\"BreadcrumbList\",\"@id\":\"https:\/\/old.encore-mx.com\/es\/creatividad\/video-media-production\/#breadcrumb\",\"itemListElement\":[{\"@type\":\"ListItem\",\"position\":1,\"name\":\"Home\",\"item\":\"https:\/\/old.encore-mx.com\/es\/\"},{\"@type\":\"ListItem\",\"position\":2,\"name\":\"Creatividad\",\"item\":\"https:\/\/old.encore-mx.com\/es\/creatividad\/\"},{\"@type\":\"ListItem\",\"position\":3,\"name\":\"Producci\u00f3n de Videos y Medios\"}]},{\"@type\":\"WebSite\",\"@id\":\"https:\/\/old.encore-mx.com\/#website\",\"url\":\"https:\/\/old.encore-mx.com\/\",\"name\":\"Encore Mexico\",\"description\":\"Events That Transform\",\"publisher\":{\"@id\":\"https:\/\/old.encore-mx.com\/#organization\"},\"potentialAction\":[{\"@type\":\"SearchAction\",\"target\":{\"@type\":\"EntryPoint\",\"urlTemplate\":\"https:\/\/old.encore-mx.com\/?s={search_term_string}\"},\"query-input\":{\"@type\":\"PropertyValueSpecification\",\"valueRequired\":true,\"valueName\":\"search_term_string\"}}],\"inLanguage\":\"es\"},{\"@type\":\"Organization\",\"@id\":\"https:\/\/old.encore-mx.com\/#organization\",\"name\":\"Encore Mexico\",\"url\":\"https:\/\/old.encore-mx.com\/\",\"logo\":{\"@type\":\"ImageObject\",\"inLanguage\":\"es\",\"@id\":\"https:\/\/old.encore-mx.com\/#\/schema\/logo\/image\/\",\"url\":\"https:\/\/cdn.encoreglobal.com\/wp-content\/uploads\/sites\/4\/2020\/08\/05172619\/Encore-Logo_Horiz.png\",\"contentUrl\":\"https:\/\/cdn.encoreglobal.com\/wp-content\/uploads\/sites\/4\/2020\/08\/05172619\/Encore-Logo_Horiz.png\",\"width\":1523,\"height\":476,\"caption\":\"Encore Mexico\"},\"image\":{\"@id\":\"https:\/\/old.encore-mx.com\/#\/schema\/logo\/image\/\"}}]}<\/script>\n<!-- \/ Yoast SEO Premium plugin. -->","yoast_head_json":{"title":"Producci\u00f3n de Videos y Medios - Event Management | Encore Mexico","description":"MARCA Las experiencias transforman lo que las personas sienten de tu marca. Tu marca es m\u00e1s que tu logo. Es tu identidad y voz distintiva. Tu marca","robots":{"index":"noindex","follow":"follow","max-snippet":"max-snippet:-1","max-image-preview":"max-image-preview:large","max-video-preview":"max-video-preview:-1"},"og_locale":"es_ES","og_type":"article","og_title":"Producci\u00f3n de Videos y Medios","og_description":"MARCA Las experiencias transforman lo que las personas sienten de tu marca. Tu marca es m\u00e1s que tu logo. Es tu identidad y voz distintiva. Tu marca","og_url":"https:\/\/old.encore-mx.com\/es\/creatividad\/video-media-production\/","og_site_name":"Encore Mexico","article_modified_time":"2020-12-22T05:08:34+00:00","og_image":[{"url":"https:\/\/staging.encoreglobal.com\/app\/uploads\/sites\/4\/2020\/12\/design.png","type":"","width":"","height":""}],"twitter_card":"summary_large_image","twitter_misc":{"Tiempo de lectura":"2 minutos"},"schema":{"@context":"https:\/\/schema.org","@graph":[{"@type":"WebPage","@id":"https:\/\/old.encore-mx.com\/es\/creatividad\/video-media-production\/","url":"https:\/\/old.encore-mx.com\/es\/creatividad\/video-media-production\/","name":"Producci\u00f3n de Videos y Medios - Event Management | Encore Mexico","isPartOf":{"@id":"https:\/\/old.encore-mx.com\/#website"},"primaryImageOfPage":{"@id":"https:\/\/old.encore-mx.com\/es\/creatividad\/video-media-production\/#primaryimage"},"image":{"@id":"https:\/\/old.encore-mx.com\/es\/creatividad\/video-media-production\/#primaryimage"},"thumbnailUrl":"https:\/\/staging.encoreglobal.com\/app\/uploads\/sites\/4\/2020\/12\/design.png","datePublished":"2020-12-07T20:59:24+00:00","dateModified":"2020-12-22T05:08:34+00:00","description":"MARCA Las experiencias transforman lo que las personas sienten de tu marca. Tu marca es m\u00e1s que tu logo. Es tu identidad y voz distintiva. Tu marca","breadcrumb":{"@id":"https:\/\/old.encore-mx.com\/es\/creatividad\/video-media-production\/#breadcrumb"},"inLanguage":"es","potentialAction":[{"@type":"ReadAction","target":["https:\/\/old.encore-mx.com\/es\/creatividad\/video-media-production\/"]}]},{"@type":"ImageObject","inLanguage":"es","@id":"https:\/\/old.encore-mx.com\/es\/creatividad\/video-media-production\/#primaryimage","url":"https:\/\/staging.encoreglobal.com\/app\/uploads\/sites\/4\/2020\/12\/design.png","contentUrl":"https:\/\/staging.encoreglobal.com\/app\/uploads\/sites\/4\/2020\/12\/design.png"},{"@type":"BreadcrumbList","@id":"https:\/\/old.encore-mx.com\/es\/creatividad\/video-media-production\/#breadcrumb","itemListElement":[{"@type":"ListItem","position":1,"name":"Home","item":"https:\/\/old.encore-mx.com\/es\/"},{"@type":"ListItem","position":2,"name":"Creatividad","item":"https:\/\/old.encore-mx.com\/es\/creatividad\/"},{"@type":"ListItem","position":3,"name":"Producci\u00f3n de Videos y Medios"}]},{"@type":"WebSite","@id":"https:\/\/old.encore-mx.com\/#website","url":"https:\/\/old.encore-mx.com\/","name":"Encore Mexico","description":"Events That Transform","publisher":{"@id":"https:\/\/old.encore-mx.com\/#organization"},"potentialAction":[{"@type":"SearchAction","target":{"@type":"EntryPoint","urlTemplate":"https:\/\/old.encore-mx.com\/?s={search_term_string}"},"query-input":{"@type":"PropertyValueSpecification","valueRequired":true,"valueName":"search_term_string"}}],"inLanguage":"es"},{"@type":"Organization","@id":"https:\/\/old.encore-mx.com\/#organization","name":"Encore Mexico","url":"https:\/\/old.encore-mx.com\/","logo":{"@type":"ImageObject","inLanguage":"es","@id":"https:\/\/old.encore-mx.com\/#\/schema\/logo\/image\/","url":"https:\/\/cdn.encoreglobal.com\/wp-content\/uploads\/sites\/4\/2020\/08\/05172619\/Encore-Logo_Horiz.png","contentUrl":"https:\/\/cdn.encoreglobal.com\/wp-content\/uploads\/sites\/4\/2020\/08\/05172619\/Encore-Logo_Horiz.png","width":1523,"height":476,"caption":"Encore Mexico"},"image":{"@id":"https:\/\/old.encore-mx.com\/#\/schema\/logo\/image\/"}}]}},"_links":{"self":[{"href":"https:\/\/old.encore-mx.com\/es\/wp-json\/wp\/v2\/pages\/8552","targetHints":{"allow":["GET"]}}],"collection":[{"href":"https:\/\/old.encore-mx.com\/es\/wp-json\/wp\/v2\/pages"}],"about":[{"href":"https:\/\/old.encore-mx.com\/es\/wp-json\/wp\/v2\/types\/page"}],"author":[{"embeddable":true,"href":"https:\/\/old.encore-mx.com\/es\/wp-json\/wp\/v2\/users\/6934"}],"replies":[{"embeddable":true,"href":"https:\/\/old.encore-mx.com\/es\/wp-json\/wp\/v2\/comments?post=8552"}],"version-history":[{"count":0,"href":"https:\/\/old.encore-mx.com\/es\/wp-json\/wp\/v2\/pages\/8552\/revisions"}],"up":[{"embeddable":true,"href":"https:\/\/old.encore-mx.com\/es\/wp-json\/wp\/v2\/pages\/3345"}],"wp:attachment":[{"href":"https:\/\/old.encore-mx.com\/es\/wp-json\/wp\/v2\/media?parent=8552"}],"wp:term":[{"taxonomy":"post_tag","embeddable":true,"href":"https:\/\/old.encore-mx.com\/es\/wp-json\/wp\/v2\/tags?post=8552"}],"curies":[{"name":"wp","href":"https:\/\/api.w.org\/{rel}","templated":true}]}}