{"id":4099,"date":"2020-10-13T17:08:59","date_gmt":"2020-10-13T17:08:59","guid":{"rendered":"https:\/\/staging.encore-mx.com\/integrated-products\/"},"modified":"2021-01-07T13:53:41","modified_gmt":"2021-01-07T13:53:41","slug":"productos","status":"publish","type":"page","link":"https:\/\/old.encore-mx.com\/es\/integrated-solutions\/productos\/","title":{"rendered":"Productos"},"content":{"rendered":"\t\t<div data-elementor-type=\"wp-page\" data-elementor-id=\"4099\" class=\"elementor elementor-4099 elementor-4069\" data-elementor-post-type=\"page\">\n\t\t\t\t\t\t<section class=\"elementor-section elementor-top-section elementor-element elementor-element-c29b977 elementor-section-stretched logo-bg left grey-border-bottom elementor-section-boxed elementor-section-height-default elementor-section-height-default\" data-id=\"c29b977\" data-element_type=\"section\" data-settings=\"{&quot;stretch_section&quot;:&quot;section-stretched&quot;,&quot;background_background&quot;:&quot;classic&quot;}\">\n\t\t\t\t\t\t<div class=\"elementor-container elementor-column-gap-default\">\n\t\t\t\t\t<div class=\"elementor-column elementor-col-33 elementor-top-column elementor-element elementor-element-17c320c\" data-id=\"17c320c\" data-element_type=\"column\">\n\t\t\t<div class=\"elementor-widget-wrap elementor-element-populated\">\n\t\t\t\t\t\t<div class=\"elementor-element elementor-element-df8ea81 elementor-widget elementor-widget-image\" data-id=\"df8ea81\" data-element_type=\"widget\" data-widget_type=\"image.default\">\n\t\t\t\t<div class=\"elementor-widget-container\">\n\t\t\t\t\t\t\t\t\t\t\t\t\t\t\t<img fetchpriority=\"high\" decoding=\"async\" width=\"650\" height=\"446\" src=\"https:\/\/cdn.encoreglobal.com\/wp-content\/uploads\/sites\/4\/2020\/10\/20192933\/habitaciones-inteligentes-.jpg\" class=\"attachment-full size-full wp-image-4319\" alt=\"\" srcset=\"https:\/\/cdn.encoreglobal.com\/wp-content\/uploads\/sites\/4\/2020\/10\/20192933\/habitaciones-inteligentes-.jpg 650w, https:\/\/cdn.encoreglobal.com\/wp-content\/uploads\/sites\/4\/2020\/10\/20192933\/habitaciones-inteligentes--300x206.jpg 300w\" sizes=\"(max-width: 650px) 100vw, 650px\" \/>\t\t\t\t\t\t\t\t\t\t\t\t\t\t\t<\/div>\n\t\t\t\t<\/div>\n\t\t\t\t\t<\/div>\n\t\t<\/div>\n\t\t\t\t<div class=\"elementor-column elementor-col-66 elementor-top-column elementor-element elementor-element-33c741f\" data-id=\"33c741f\" data-element_type=\"column\">\n\t\t\t<div class=\"elementor-widget-wrap elementor-element-populated\">\n\t\t\t\t\t\t<div class=\"elementor-element elementor-element-5cb75d6 elementor-widget elementor-widget-text-editor\" data-id=\"5cb75d6\" data-element_type=\"widget\" data-widget_type=\"text-editor.default\">\n\t\t\t\t<div class=\"elementor-widget-container\">\n\t\t\t\t\t\t\t\t\t<h2>HABITACIONES INTELIGENTES<\/h2>\nProyectos de automatizaci\u00f3n, control y entretenimiento en el sector hotelero. Todo con el toque de un bot\u00f3n o mediante una instrucci\u00f3n por voz.\t\t\t\t\t\t\t\t<\/div>\n\t\t\t\t<\/div>\n\t\t\t\t\t<\/div>\n\t\t<\/div>\n\t\t\t\t\t<\/div>\n\t\t<\/section>\n\t\t\t\t<section class=\"elementor-section elementor-top-section elementor-element elementor-element-f56822f elementor-section-stretched logo-bg right grey-border-bottom elementor-section-boxed elementor-section-height-default elementor-section-height-default\" data-id=\"f56822f\" data-element_type=\"section\" data-settings=\"{&quot;stretch_section&quot;:&quot;section-stretched&quot;}\">\n\t\t\t\t\t\t<div class=\"elementor-container elementor-column-gap-default\">\n\t\t\t\t\t<div class=\"elementor-column elementor-col-66 elementor-top-column elementor-element elementor-element-4bd50ed\" data-id=\"4bd50ed\" data-element_type=\"column\">\n\t\t\t<div class=\"elementor-widget-wrap elementor-element-populated\">\n\t\t\t\t\t\t<div class=\"elementor-element elementor-element-1c570d4 elementor-widget elementor-widget-text-editor\" data-id=\"1c570d4\" data-element_type=\"widget\" data-widget_type=\"text-editor.default\">\n\t\t\t\t<div class=\"elementor-widget-container\">\n\t\t\t\t\t\t\t\t\t<h2>SALAS DE REUNIONES INTEGRALES<\/h2>\nEquipamiento y automatizaci\u00f3n para salas de juntas. En ellas se instala equipo audiovisual, conexi\u00f3n telef\u00f3nica e internet, red de datos, sistemas de reservaci\u00f3n, telepresencia y control de iluminaci\u00f3n.\t\t\t\t\t\t\t\t<\/div>\n\t\t\t\t<\/div>\n\t\t\t\t\t<\/div>\n\t\t<\/div>\n\t\t\t\t<div class=\"elementor-column elementor-col-33 elementor-top-column elementor-element elementor-element-86783fa\" data-id=\"86783fa\" data-element_type=\"column\">\n\t\t\t<div class=\"elementor-widget-wrap elementor-element-populated\">\n\t\t\t\t\t\t<div class=\"elementor-element elementor-element-6777a5f elementor-widget elementor-widget-image\" data-id=\"6777a5f\" data-element_type=\"widget\" data-widget_type=\"image.default\">\n\t\t\t\t<div class=\"elementor-widget-container\">\n\t\t\t\t\t\t\t\t\t\t\t\t\t\t\t<img decoding=\"async\" width=\"650\" height=\"446\" src=\"https:\/\/cdn.encoreglobal.com\/wp-content\/uploads\/sites\/4\/2020\/10\/20192935\/sala-de-reuniones-.jpg\" class=\"attachment-full size-full wp-image-4323\" alt=\"\" srcset=\"https:\/\/cdn.encoreglobal.com\/wp-content\/uploads\/sites\/4\/2020\/10\/20192935\/sala-de-reuniones-.jpg 650w, https:\/\/cdn.encoreglobal.com\/wp-content\/uploads\/sites\/4\/2020\/10\/20192935\/sala-de-reuniones--300x206.jpg 300w\" sizes=\"(max-width: 650px) 100vw, 650px\" \/>\t\t\t\t\t\t\t\t\t\t\t\t\t\t\t<\/div>\n\t\t\t\t<\/div>\n\t\t\t\t\t<\/div>\n\t\t<\/div>\n\t\t\t\t\t<\/div>\n\t\t<\/section>\n\t\t\t\t<section class=\"elementor-section elementor-top-section elementor-element elementor-element-0c605f6 elementor-section-stretched logo-bg left grey-border-bottom elementor-section-boxed elementor-section-height-default elementor-section-height-default\" data-id=\"0c605f6\" data-element_type=\"section\" data-settings=\"{&quot;stretch_section&quot;:&quot;section-stretched&quot;,&quot;background_background&quot;:&quot;classic&quot;}\">\n\t\t\t\t\t\t<div class=\"elementor-container elementor-column-gap-default\">\n\t\t\t\t\t<div class=\"elementor-column elementor-col-33 elementor-top-column elementor-element elementor-element-c6f7fa2\" data-id=\"c6f7fa2\" data-element_type=\"column\">\n\t\t\t<div class=\"elementor-widget-wrap elementor-element-populated\">\n\t\t\t\t\t\t<div class=\"elementor-element elementor-element-6e7a1b4 elementor-widget elementor-widget-image\" data-id=\"6e7a1b4\" data-element_type=\"widget\" data-widget_type=\"image.default\">\n\t\t\t\t<div class=\"elementor-widget-container\">\n\t\t\t\t\t\t\t\t\t\t\t\t\t\t\t<img decoding=\"async\" width=\"650\" height=\"446\" src=\"https:\/\/cdn.encoreglobal.com\/wp-content\/uploads\/sites\/4\/2020\/10\/20192937\/teatros-hoteleros-.jpg\" class=\"attachment-full size-full wp-image-4325\" alt=\"\" srcset=\"https:\/\/cdn.encoreglobal.com\/wp-content\/uploads\/sites\/4\/2020\/10\/20192937\/teatros-hoteleros-.jpg 650w, https:\/\/cdn.encoreglobal.com\/wp-content\/uploads\/sites\/4\/2020\/10\/20192937\/teatros-hoteleros--300x206.jpg 300w\" sizes=\"(max-width: 650px) 100vw, 650px\" \/>\t\t\t\t\t\t\t\t\t\t\t\t\t\t\t<\/div>\n\t\t\t\t<\/div>\n\t\t\t\t\t<\/div>\n\t\t<\/div>\n\t\t\t\t<div class=\"elementor-column elementor-col-66 elementor-top-column elementor-element elementor-element-8b834c4\" data-id=\"8b834c4\" data-element_type=\"column\">\n\t\t\t<div class=\"elementor-widget-wrap elementor-element-populated\">\n\t\t\t\t\t\t<div class=\"elementor-element elementor-element-7163e5f elementor-widget elementor-widget-text-editor\" data-id=\"7163e5f\" data-element_type=\"widget\" data-widget_type=\"text-editor.default\">\n\t\t\t\t<div class=\"elementor-widget-container\">\n\t\t\t\t\t\t\t\t\t<h2>TEATROS HOTELEROS<\/h2>\nEquipamiento y automatizaci\u00f3n para teatros y auditorios.\t\t\t\t\t\t\t\t<\/div>\n\t\t\t\t<\/div>\n\t\t\t\t\t<\/div>\n\t\t<\/div>\n\t\t\t\t\t<\/div>\n\t\t<\/section>\n\t\t\t\t<section class=\"elementor-section elementor-top-section elementor-element elementor-element-5664055 elementor-section-stretched logo-bg right elementor-section-boxed elementor-section-height-default elementor-section-height-default\" data-id=\"5664055\" data-element_type=\"section\" data-settings=\"{&quot;stretch_section&quot;:&quot;section-stretched&quot;}\">\n\t\t\t\t\t\t<div class=\"elementor-container elementor-column-gap-default\">\n\t\t\t\t\t<div class=\"elementor-column elementor-col-66 elementor-top-column elementor-element elementor-element-c4ac17e\" data-id=\"c4ac17e\" data-element_type=\"column\">\n\t\t\t<div class=\"elementor-widget-wrap elementor-element-populated\">\n\t\t\t\t\t\t<div class=\"elementor-element elementor-element-2775fb6 elementor-widget elementor-widget-text-editor\" data-id=\"2775fb6\" data-element_type=\"widget\" data-widget_type=\"text-editor.default\">\n\t\t\t\t<div class=\"elementor-widget-container\">\n\t\t\t\t\t\t\t\t\t<h2>P\u00d3LIZAS DE MANTENIMIENTO<\/h2>\nMantenimiento preventivo y tr\u00e1mites de garant\u00eda para equipos audiovisuales.\t\t\t\t\t\t\t\t<\/div>\n\t\t\t\t<\/div>\n\t\t\t\t\t<\/div>\n\t\t<\/div>\n\t\t\t\t<div class=\"elementor-column elementor-col-33 elementor-top-column elementor-element elementor-element-b07d46a\" data-id=\"b07d46a\" data-element_type=\"column\">\n\t\t\t<div class=\"elementor-widget-wrap elementor-element-populated\">\n\t\t\t\t\t\t<div class=\"elementor-element elementor-element-e5ee3ce elementor-widget elementor-widget-image\" data-id=\"e5ee3ce\" data-element_type=\"widget\" data-widget_type=\"image.default\">\n\t\t\t\t<div class=\"elementor-widget-container\">\n\t\t\t\t\t\t\t\t\t\t\t\t\t\t\t<img loading=\"lazy\" decoding=\"async\" width=\"650\" height=\"446\" src=\"https:\/\/cdn.encoreglobal.com\/wp-content\/uploads\/sites\/4\/2020\/10\/20192934\/poliza-de-mantenimiento-.jpg\" class=\"attachment-full size-full wp-image-4321\" alt=\"\" srcset=\"https:\/\/cdn.encoreglobal.com\/wp-content\/uploads\/sites\/4\/2020\/10\/20192934\/poliza-de-mantenimiento-.jpg 650w, https:\/\/cdn.encoreglobal.com\/wp-content\/uploads\/sites\/4\/2020\/10\/20192934\/poliza-de-mantenimiento--300x206.jpg 300w\" sizes=\"(max-width: 650px) 100vw, 650px\" \/>\t\t\t\t\t\t\t\t\t\t\t\t\t\t\t<\/div>\n\t\t\t\t<\/div>\n\t\t\t\t\t<\/div>\n\t\t<\/div>\n\t\t\t\t\t<\/div>\n\t\t<\/section>\n\t\t\t\t<\/div>\n\t\t","protected":false},"excerpt":{"rendered":"<p>HABITACIONES INTELIGENTES Proyectos de automatizaci\u00f3n, control y entretenimiento en el sector hotelero. Todo con el toque de un bot\u00f3n o mediante una instrucci\u00f3n por voz. SALAS DE REUNIONES INTEGRALES Equipamiento y automatizaci\u00f3n para salas de juntas. En ellas se instala equipo audiovisual, conexi\u00f3n telef\u00f3nica e internet, red de datos, sistemas de reservaci\u00f3n, telepresencia y control &#8230; <a href=\"https:\/\/old.encore-mx.com\/es\/integrated-solutions\/productos\/\">CONOCE M\u00c1S<\/a><\/p>\n","protected":false},"author":49,"featured_media":0,"parent":4062,"menu_order":0,"comment_status":"closed","ping_status":"closed","template":"","meta":{"footnotes":""},"tags":[],"class_list":["post-4099","page","type-page","status-publish","hentry"],"yoast_head":"<!-- This site is optimized with the Yoast SEO Premium plugin v25.4 (Yoast SEO v25.4) - https:\/\/yoast.com\/wordpress\/plugins\/seo\/ -->\n<title>Productos - Event Management | Encore Mexico<\/title>\n<meta name=\"description\" content=\"Especializado en la realizaci\u00f3n de proyectos de hoteler\u00eda con sistemas de audio y video, control de iluminaci\u00f3n, automatizaci\u00f3n, se\u00f1alizaci\u00f3n digital, red de datos, iluminaci\u00f3n esc\u00e9nica, sistemas para videoconferencias, pantallas de LED \u0301s. videowall \u0301s, sistemas de voceo en \u00e1reas comunes, bares, restaurantes, salones, zonas exteriores, teatros, discotecas y auditorios.\" \/>\n<meta name=\"robots\" content=\"noindex, follow, max-snippet:-1, max-image-preview:large, max-video-preview:-1\" \/>\n<meta property=\"og:locale\" content=\"es_ES\" \/>\n<meta property=\"og:type\" content=\"article\" \/>\n<meta property=\"og:title\" content=\"Productos\" \/>\n<meta property=\"og:description\" content=\"Especializado en la realizaci\u00f3n de proyectos de hoteler\u00eda con sistemas de audio y video, control de iluminaci\u00f3n, automatizaci\u00f3n, se\u00f1alizaci\u00f3n digital, red de datos, iluminaci\u00f3n esc\u00e9nica, sistemas para videoconferencias, pantallas de LED \u0301s. videowall \u0301s, sistemas de voceo en \u00e1reas comunes, bares, restaurantes, salones, zonas exteriores, teatros, discotecas y auditorios.\" \/>\n<meta property=\"og:url\" content=\"https:\/\/old.encore-mx.com\/es\/integrated-solutions\/productos\/\" \/>\n<meta property=\"og:site_name\" content=\"Encore Mexico\" \/>\n<meta property=\"article:modified_time\" content=\"2021-01-07T13:53:41+00:00\" \/>\n<meta property=\"og:image\" content=\"https:\/\/staging.encoreglobal.com\/app\/uploads\/sites\/4\/2020\/10\/habitaciones-inteligentes-.jpg\" \/>\n<meta name=\"twitter:card\" content=\"summary_large_image\" \/>\n<script type=\"application\/ld+json\" class=\"yoast-schema-graph\">{\"@context\":\"https:\/\/schema.org\",\"@graph\":[{\"@type\":\"WebPage\",\"@id\":\"https:\/\/old.encore-mx.com\/es\/integrated-solutions\/productos\/\",\"url\":\"https:\/\/old.encore-mx.com\/es\/integrated-solutions\/productos\/\",\"name\":\"Productos - Event Management | Encore Mexico\",\"isPartOf\":{\"@id\":\"https:\/\/old.encore-mx.com\/#website\"},\"primaryImageOfPage\":{\"@id\":\"https:\/\/old.encore-mx.com\/es\/integrated-solutions\/productos\/#primaryimage\"},\"image\":{\"@id\":\"https:\/\/old.encore-mx.com\/es\/integrated-solutions\/productos\/#primaryimage\"},\"thumbnailUrl\":\"https:\/\/staging.encoreglobal.com\/app\/uploads\/sites\/4\/2020\/10\/habitaciones-inteligentes-.jpg\",\"datePublished\":\"2020-10-13T17:08:59+00:00\",\"dateModified\":\"2021-01-07T13:53:41+00:00\",\"description\":\"Especializado en la realizaci\u00f3n de proyectos de hoteler\u00eda con sistemas de audio y video, control de iluminaci\u00f3n, automatizaci\u00f3n, se\u00f1alizaci\u00f3n digital, red de datos, iluminaci\u00f3n esc\u00e9nica, sistemas para videoconferencias, pantallas de LED \u0301s. videowall \u0301s, sistemas de voceo en \u00e1reas comunes, bares, restaurantes, salones, zonas exteriores, teatros, discotecas y auditorios.\",\"breadcrumb\":{\"@id\":\"https:\/\/old.encore-mx.com\/es\/integrated-solutions\/productos\/#breadcrumb\"},\"inLanguage\":\"es\",\"potentialAction\":[{\"@type\":\"ReadAction\",\"target\":[\"https:\/\/old.encore-mx.com\/es\/integrated-solutions\/productos\/\"]}]},{\"@type\":\"ImageObject\",\"inLanguage\":\"es\",\"@id\":\"https:\/\/old.encore-mx.com\/es\/integrated-solutions\/productos\/#primaryimage\",\"url\":\"https:\/\/staging.encoreglobal.com\/app\/uploads\/sites\/4\/2020\/10\/habitaciones-inteligentes-.jpg\",\"contentUrl\":\"https:\/\/staging.encoreglobal.com\/app\/uploads\/sites\/4\/2020\/10\/habitaciones-inteligentes-.jpg\"},{\"@type\":\"BreadcrumbList\",\"@id\":\"https:\/\/old.encore-mx.com\/es\/integrated-solutions\/productos\/#breadcrumb\",\"itemListElement\":[{\"@type\":\"ListItem\",\"position\":1,\"name\":\"Home\",\"item\":\"https:\/\/old.encore-mx.com\/es\/\"},{\"@type\":\"ListItem\",\"position\":2,\"name\":\"Integrated Solutions\",\"item\":\"https:\/\/old.encore-mx.com\/es\/integrated-solutions\/\"},{\"@type\":\"ListItem\",\"position\":3,\"name\":\"Productos\"}]},{\"@type\":\"WebSite\",\"@id\":\"https:\/\/old.encore-mx.com\/#website\",\"url\":\"https:\/\/old.encore-mx.com\/\",\"name\":\"Encore Mexico\",\"description\":\"Events That Transform\",\"publisher\":{\"@id\":\"https:\/\/old.encore-mx.com\/#organization\"},\"potentialAction\":[{\"@type\":\"SearchAction\",\"target\":{\"@type\":\"EntryPoint\",\"urlTemplate\":\"https:\/\/old.encore-mx.com\/?s={search_term_string}\"},\"query-input\":{\"@type\":\"PropertyValueSpecification\",\"valueRequired\":true,\"valueName\":\"search_term_string\"}}],\"inLanguage\":\"es\"},{\"@type\":\"Organization\",\"@id\":\"https:\/\/old.encore-mx.com\/#organization\",\"name\":\"Encore Mexico\",\"url\":\"https:\/\/old.encore-mx.com\/\",\"logo\":{\"@type\":\"ImageObject\",\"inLanguage\":\"es\",\"@id\":\"https:\/\/old.encore-mx.com\/#\/schema\/logo\/image\/\",\"url\":\"https:\/\/cdn.encoreglobal.com\/wp-content\/uploads\/sites\/4\/2020\/08\/05172619\/Encore-Logo_Horiz.png\",\"contentUrl\":\"https:\/\/cdn.encoreglobal.com\/wp-content\/uploads\/sites\/4\/2020\/08\/05172619\/Encore-Logo_Horiz.png\",\"width\":1523,\"height\":476,\"caption\":\"Encore Mexico\"},\"image\":{\"@id\":\"https:\/\/old.encore-mx.com\/#\/schema\/logo\/image\/\"}}]}<\/script>\n<!-- \/ Yoast SEO Premium plugin. -->","yoast_head_json":{"title":"Productos - Event Management | Encore Mexico","description":"Especializado en la realizaci\u00f3n de proyectos de hoteler\u00eda con sistemas de audio y video, control de iluminaci\u00f3n, automatizaci\u00f3n, se\u00f1alizaci\u00f3n digital, red de datos, iluminaci\u00f3n esc\u00e9nica, sistemas para videoconferencias, pantallas de LED \u0301s. videowall \u0301s, sistemas de voceo en \u00e1reas comunes, bares, restaurantes, salones, zonas exteriores, teatros, discotecas y auditorios.","robots":{"index":"noindex","follow":"follow","max-snippet":"max-snippet:-1","max-image-preview":"max-image-preview:large","max-video-preview":"max-video-preview:-1"},"og_locale":"es_ES","og_type":"article","og_title":"Productos","og_description":"Especializado en la realizaci\u00f3n de proyectos de hoteler\u00eda con sistemas de audio y video, control de iluminaci\u00f3n, automatizaci\u00f3n, se\u00f1alizaci\u00f3n digital, red de datos, iluminaci\u00f3n esc\u00e9nica, sistemas para videoconferencias, pantallas de LED \u0301s. videowall \u0301s, sistemas de voceo en \u00e1reas comunes, bares, restaurantes, salones, zonas exteriores, teatros, discotecas y auditorios.","og_url":"https:\/\/old.encore-mx.com\/es\/integrated-solutions\/productos\/","og_site_name":"Encore Mexico","article_modified_time":"2021-01-07T13:53:41+00:00","og_image":[{"url":"https:\/\/staging.encoreglobal.com\/app\/uploads\/sites\/4\/2020\/10\/habitaciones-inteligentes-.jpg","type":"","width":"","height":""}],"twitter_card":"summary_large_image","schema":{"@context":"https:\/\/schema.org","@graph":[{"@type":"WebPage","@id":"https:\/\/old.encore-mx.com\/es\/integrated-solutions\/productos\/","url":"https:\/\/old.encore-mx.com\/es\/integrated-solutions\/productos\/","name":"Productos - Event Management | Encore Mexico","isPartOf":{"@id":"https:\/\/old.encore-mx.com\/#website"},"primaryImageOfPage":{"@id":"https:\/\/old.encore-mx.com\/es\/integrated-solutions\/productos\/#primaryimage"},"image":{"@id":"https:\/\/old.encore-mx.com\/es\/integrated-solutions\/productos\/#primaryimage"},"thumbnailUrl":"https:\/\/staging.encoreglobal.com\/app\/uploads\/sites\/4\/2020\/10\/habitaciones-inteligentes-.jpg","datePublished":"2020-10-13T17:08:59+00:00","dateModified":"2021-01-07T13:53:41+00:00","description":"Especializado en la realizaci\u00f3n de proyectos de hoteler\u00eda con sistemas de audio y video, control de iluminaci\u00f3n, automatizaci\u00f3n, se\u00f1alizaci\u00f3n digital, red de datos, iluminaci\u00f3n esc\u00e9nica, sistemas para videoconferencias, pantallas de LED \u0301s. videowall \u0301s, sistemas de voceo en \u00e1reas comunes, bares, restaurantes, salones, zonas exteriores, teatros, discotecas y auditorios.","breadcrumb":{"@id":"https:\/\/old.encore-mx.com\/es\/integrated-solutions\/productos\/#breadcrumb"},"inLanguage":"es","potentialAction":[{"@type":"ReadAction","target":["https:\/\/old.encore-mx.com\/es\/integrated-solutions\/productos\/"]}]},{"@type":"ImageObject","inLanguage":"es","@id":"https:\/\/old.encore-mx.com\/es\/integrated-solutions\/productos\/#primaryimage","url":"https:\/\/staging.encoreglobal.com\/app\/uploads\/sites\/4\/2020\/10\/habitaciones-inteligentes-.jpg","contentUrl":"https:\/\/staging.encoreglobal.com\/app\/uploads\/sites\/4\/2020\/10\/habitaciones-inteligentes-.jpg"},{"@type":"BreadcrumbList","@id":"https:\/\/old.encore-mx.com\/es\/integrated-solutions\/productos\/#breadcrumb","itemListElement":[{"@type":"ListItem","position":1,"name":"Home","item":"https:\/\/old.encore-mx.com\/es\/"},{"@type":"ListItem","position":2,"name":"Integrated Solutions","item":"https:\/\/old.encore-mx.com\/es\/integrated-solutions\/"},{"@type":"ListItem","position":3,"name":"Productos"}]},{"@type":"WebSite","@id":"https:\/\/old.encore-mx.com\/#website","url":"https:\/\/old.encore-mx.com\/","name":"Encore Mexico","description":"Events That Transform","publisher":{"@id":"https:\/\/old.encore-mx.com\/#organization"},"potentialAction":[{"@type":"SearchAction","target":{"@type":"EntryPoint","urlTemplate":"https:\/\/old.encore-mx.com\/?s={search_term_string}"},"query-input":{"@type":"PropertyValueSpecification","valueRequired":true,"valueName":"search_term_string"}}],"inLanguage":"es"},{"@type":"Organization","@id":"https:\/\/old.encore-mx.com\/#organization","name":"Encore Mexico","url":"https:\/\/old.encore-mx.com\/","logo":{"@type":"ImageObject","inLanguage":"es","@id":"https:\/\/old.encore-mx.com\/#\/schema\/logo\/image\/","url":"https:\/\/cdn.encoreglobal.com\/wp-content\/uploads\/sites\/4\/2020\/08\/05172619\/Encore-Logo_Horiz.png","contentUrl":"https:\/\/cdn.encoreglobal.com\/wp-content\/uploads\/sites\/4\/2020\/08\/05172619\/Encore-Logo_Horiz.png","width":1523,"height":476,"caption":"Encore Mexico"},"image":{"@id":"https:\/\/old.encore-mx.com\/#\/schema\/logo\/image\/"}}]}},"_links":{"self":[{"href":"https:\/\/old.encore-mx.com\/es\/wp-json\/wp\/v2\/pages\/4099","targetHints":{"allow":["GET"]}}],"collection":[{"href":"https:\/\/old.encore-mx.com\/es\/wp-json\/wp\/v2\/pages"}],"about":[{"href":"https:\/\/old.encore-mx.com\/es\/wp-json\/wp\/v2\/types\/page"}],"author":[{"embeddable":true,"href":"https:\/\/old.encore-mx.com\/es\/wp-json\/wp\/v2\/users\/49"}],"replies":[{"embeddable":true,"href":"https:\/\/old.encore-mx.com\/es\/wp-json\/wp\/v2\/comments?post=4099"}],"version-history":[{"count":0,"href":"https:\/\/old.encore-mx.com\/es\/wp-json\/wp\/v2\/pages\/4099\/revisions"}],"up":[{"embeddable":true,"href":"https:\/\/old.encore-mx.com\/es\/wp-json\/wp\/v2\/pages\/4062"}],"wp:attachment":[{"href":"https:\/\/old.encore-mx.com\/es\/wp-json\/wp\/v2\/media?parent=4099"}],"wp:term":[{"taxonomy":"post_tag","embeddable":true,"href":"https:\/\/old.encore-mx.com\/es\/wp-json\/wp\/v2\/tags?post=4099"}],"curies":[{"name":"wp","href":"https:\/\/api.w.org\/{rel}","templated":true}]}}