{"id":1909,"date":"2020-07-11T05:36:44","date_gmt":"2020-07-11T05:36:44","guid":{"rendered":"https:\/\/staging.encore-mx.com\/bandwidth-calculator\/"},"modified":"2021-09-28T15:44:04","modified_gmt":"2021-09-28T15:44:04","slug":"bandwidth-calculator","status":"publish","type":"page","link":"https:\/\/old.encore-mx.com\/es\/bandwidth-calculator\/","title":{"rendered":"Calculadora de Ancho de Banda"},"content":{"rendered":"<p><img loading=\"lazy\" decoding=\"async\" width=\"1024\" height=\"84\" src=\"https:\/\/info.encoreglobal.com\/app\/uploads\/sites\/4\/2021\/01\/BandwidthCalculator-01-1024x84-1.png\" alt=\"\" loading=\"lazy\" \/>\t\t\t\t\t\t\t\t\t\t\t\t\t\t<\/p>\n<h2>C\u00f3mo funciona<\/h2>\n<p>Ingresa un n\u00famero estimado de asistentes a la reuni\u00f3n, tipos de uso y si te gustar\u00eda soportar el uso de multiples dispositivos por asistente. Para m\u00faltiples dispositivos calcularemos un ancho de banda del 25% adicional, asumiendo que la mayor\u00eda de las personas usar\u00e1n solamente un dispositivo a la vez.<\/p>\n<p><strong>Ancho de Banda Compartido vs Exclusivo:<\/strong>: Alguna vez te preguntaste \u00bfCu\u00e1l es la diferencia al elegir cada uno de estos?\u00bfTe gustar\u00eda conocer mas acerca del internet para eventos? <strong>Ve nuestro video.<\/strong><\/p>\n<p>Contacta <a href=\"mailto:internet@encoreglobal.com\"><strong>internet@encoreglobal.com<\/strong><\/a> para asistencia en eventos m\u00e1s complejos y para consultas profesionales.<\/p>\n<p>https:\/\/player.vimeo.com\/video\/449353681?color&#038;autopause=0&#038;loop=0&#038;muted=0&#038;title=1&#038;portrait=1&#038;byline=1#t=\t\t<\/p>\n<p>\t\t\t\t\t\t<label for=\"users\">Number of users<\/label><\/p>\n<p>\t\t\t\t\t\t\tMultiples of 10 up to 1000<br \/>\n\t\t\t\t\t\t<label for=\"type\">Usage Type<\/label><\/p>\n<p>\t\t\t\t\t\t\tLow<br \/>\n\t\t\t\t\t\t\tMedium<br \/>\n\t\t\t\t\t\t\tHigh<\/p>\n<p>\t                        Low, Medium, or High                        <\/p>\n<table>\n<tr>\n<td>Low<\/td>\n<td>Email and simple Web Surfing<\/td>\n<\/tr>\n<tr>\n<td>Medium<\/td>\n<td>Web Applications and Streaming Audio<\/td>\n<\/tr>\n<tr>\n<td>High<\/td>\n<td>Instructor Lead Web Training, Large File Transfers, SD Video Stream<\/td>\n<\/tr>\n<\/table>\n<p>\t\t\t\t\t\t<button type=\"submit\">Calculate<\/button><\/p>\n<h4>Your Estimated Bandwidth<\/h4>\n<p>With <strong> users<\/strong> and <strong><\/strong> expected usage,<\/p>\n<p>we predict your required bandwidth to be approximately&#8230;<\/p>\n<p>                     Mb\/s.<\/p>\n","protected":false},"excerpt":{"rendered":"<p>C\u00f3mo funciona Ingresa un n\u00famero estimado de asistentes a la reuni\u00f3n, tipos de uso y si te gustar\u00eda soportar el uso de multiples dispositivos por asistente. Para m\u00faltiples dispositivos calcularemos un ancho de banda del 25% adicional, asumiendo que la mayor\u00eda de las personas usar\u00e1n solamente un dispositivo a la vez. Ancho de Banda Compartido &#8230; <a href=\"https:\/\/old.encore-mx.com\/es\/bandwidth-calculator\/\">CONOCE M\u00c1S<\/a><\/p>\n","protected":false},"author":6934,"featured_media":1670,"parent":0,"menu_order":0,"comment_status":"closed","ping_status":"closed","template":"","meta":{"footnotes":""},"tags":[],"class_list":["post-1909","page","type-page","status-publish","has-post-thumbnail","hentry"],"yoast_head":"<!-- This site is optimized with the Yoast SEO Premium plugin v25.4 (Yoast SEO v25.4) - https:\/\/yoast.com\/wordpress\/plugins\/seo\/ -->\n<title>Calculadora de Ancho de Banda | Encore Mexico<\/title>\n<meta name=\"description\" content=\"C\u00f3mo funciona Ingresa un n\u00famero estimado de asistentes a la reuni\u00f3n, tipos de uso y si te gustar\u00eda soportar el uso de multiples dispositivos por\" \/>\n<meta name=\"robots\" content=\"noindex, follow, max-snippet:-1, max-image-preview:large, max-video-preview:-1\" \/>\n<meta property=\"og:locale\" content=\"es_ES\" \/>\n<meta property=\"og:type\" content=\"article\" \/>\n<meta property=\"og:title\" content=\"Calculadora de Ancho de Banda\" \/>\n<meta property=\"og:description\" content=\"C\u00f3mo funciona Ingresa un n\u00famero estimado de asistentes a la reuni\u00f3n, tipos de uso y si te gustar\u00eda soportar el uso de multiples dispositivos por\" \/>\n<meta property=\"og:url\" content=\"https:\/\/old.encore-mx.com\/es\/bandwidth-calculator\/\" \/>\n<meta property=\"og:site_name\" content=\"Encore Mexico\" \/>\n<meta property=\"article:modified_time\" content=\"2021-09-28T15:44:04+00:00\" \/>\n<meta property=\"og:image\" content=\"https:\/\/cdn.encoreglobal.com\/wp-content\/uploads\/sites\/4\/2020\/08\/05171901\/Bandwidth-Calculator-Image.jpg\" \/>\n\t<meta property=\"og:image:width\" content=\"2500\" \/>\n\t<meta property=\"og:image:height\" content=\"1667\" \/>\n\t<meta property=\"og:image:type\" content=\"image\/jpeg\" \/>\n<meta name=\"twitter:card\" content=\"summary_large_image\" \/>\n<meta name=\"twitter:label1\" content=\"Tiempo de lectura\" \/>\n\t<meta name=\"twitter:data1\" content=\"1 minuto\" \/>\n<script type=\"application\/ld+json\" class=\"yoast-schema-graph\">{\"@context\":\"https:\/\/schema.org\",\"@graph\":[{\"@type\":\"WebPage\",\"@id\":\"https:\/\/old.encore-mx.com\/es\/bandwidth-calculator\/\",\"url\":\"https:\/\/old.encore-mx.com\/es\/bandwidth-calculator\/\",\"name\":\"Calculadora de Ancho de Banda | Encore Mexico\",\"isPartOf\":{\"@id\":\"https:\/\/old.encore-mx.com\/#website\"},\"primaryImageOfPage\":{\"@id\":\"https:\/\/old.encore-mx.com\/es\/bandwidth-calculator\/#primaryimage\"},\"image\":{\"@id\":\"https:\/\/old.encore-mx.com\/es\/bandwidth-calculator\/#primaryimage\"},\"thumbnailUrl\":\"https:\/\/cdn.encoreglobal.com\/wp-content\/uploads\/sites\/4\/2020\/08\/05171901\/Bandwidth-Calculator-Image.jpg\",\"datePublished\":\"2020-07-11T05:36:44+00:00\",\"dateModified\":\"2021-09-28T15:44:04+00:00\",\"description\":\"C\u00f3mo funciona Ingresa un n\u00famero estimado de asistentes a la reuni\u00f3n, tipos de uso y si te gustar\u00eda soportar el uso de multiples dispositivos por\",\"breadcrumb\":{\"@id\":\"https:\/\/old.encore-mx.com\/es\/bandwidth-calculator\/#breadcrumb\"},\"inLanguage\":\"es\",\"potentialAction\":[{\"@type\":\"ReadAction\",\"target\":[\"https:\/\/old.encore-mx.com\/es\/bandwidth-calculator\/\"]}]},{\"@type\":\"ImageObject\",\"inLanguage\":\"es\",\"@id\":\"https:\/\/old.encore-mx.com\/es\/bandwidth-calculator\/#primaryimage\",\"url\":\"https:\/\/cdn.encoreglobal.com\/wp-content\/uploads\/sites\/4\/2020\/08\/05171901\/Bandwidth-Calculator-Image.jpg\",\"contentUrl\":\"https:\/\/cdn.encoreglobal.com\/wp-content\/uploads\/sites\/4\/2020\/08\/05171901\/Bandwidth-Calculator-Image.jpg\",\"width\":2500,\"height\":1667},{\"@type\":\"BreadcrumbList\",\"@id\":\"https:\/\/old.encore-mx.com\/es\/bandwidth-calculator\/#breadcrumb\",\"itemListElement\":[{\"@type\":\"ListItem\",\"position\":1,\"name\":\"Home\",\"item\":\"https:\/\/old.encore-mx.com\/es\/\"},{\"@type\":\"ListItem\",\"position\":2,\"name\":\"Calculadora de Ancho de Banda\"}]},{\"@type\":\"WebSite\",\"@id\":\"https:\/\/old.encore-mx.com\/#website\",\"url\":\"https:\/\/old.encore-mx.com\/\",\"name\":\"Encore Mexico\",\"description\":\"Events That Transform\",\"publisher\":{\"@id\":\"https:\/\/old.encore-mx.com\/#organization\"},\"potentialAction\":[{\"@type\":\"SearchAction\",\"target\":{\"@type\":\"EntryPoint\",\"urlTemplate\":\"https:\/\/old.encore-mx.com\/?s={search_term_string}\"},\"query-input\":{\"@type\":\"PropertyValueSpecification\",\"valueRequired\":true,\"valueName\":\"search_term_string\"}}],\"inLanguage\":\"es\"},{\"@type\":\"Organization\",\"@id\":\"https:\/\/old.encore-mx.com\/#organization\",\"name\":\"Encore Mexico\",\"url\":\"https:\/\/old.encore-mx.com\/\",\"logo\":{\"@type\":\"ImageObject\",\"inLanguage\":\"es\",\"@id\":\"https:\/\/old.encore-mx.com\/#\/schema\/logo\/image\/\",\"url\":\"https:\/\/cdn.encoreglobal.com\/wp-content\/uploads\/sites\/4\/2020\/08\/05172619\/Encore-Logo_Horiz.png\",\"contentUrl\":\"https:\/\/cdn.encoreglobal.com\/wp-content\/uploads\/sites\/4\/2020\/08\/05172619\/Encore-Logo_Horiz.png\",\"width\":1523,\"height\":476,\"caption\":\"Encore Mexico\"},\"image\":{\"@id\":\"https:\/\/old.encore-mx.com\/#\/schema\/logo\/image\/\"}}]}<\/script>\n<!-- \/ Yoast SEO Premium plugin. -->","yoast_head_json":{"title":"Calculadora de Ancho de Banda | Encore Mexico","description":"C\u00f3mo funciona Ingresa un n\u00famero estimado de asistentes a la reuni\u00f3n, tipos de uso y si te gustar\u00eda soportar el uso de multiples dispositivos por","robots":{"index":"noindex","follow":"follow","max-snippet":"max-snippet:-1","max-image-preview":"max-image-preview:large","max-video-preview":"max-video-preview:-1"},"og_locale":"es_ES","og_type":"article","og_title":"Calculadora de Ancho de Banda","og_description":"C\u00f3mo funciona Ingresa un n\u00famero estimado de asistentes a la reuni\u00f3n, tipos de uso y si te gustar\u00eda soportar el uso de multiples dispositivos por","og_url":"https:\/\/old.encore-mx.com\/es\/bandwidth-calculator\/","og_site_name":"Encore Mexico","article_modified_time":"2021-09-28T15:44:04+00:00","og_image":[{"width":2500,"height":1667,"url":"https:\/\/cdn.encoreglobal.com\/wp-content\/uploads\/sites\/4\/2020\/08\/05171901\/Bandwidth-Calculator-Image.jpg","type":"image\/jpeg"}],"twitter_card":"summary_large_image","twitter_misc":{"Tiempo de lectura":"1 minuto"},"schema":{"@context":"https:\/\/schema.org","@graph":[{"@type":"WebPage","@id":"https:\/\/old.encore-mx.com\/es\/bandwidth-calculator\/","url":"https:\/\/old.encore-mx.com\/es\/bandwidth-calculator\/","name":"Calculadora de Ancho de Banda | Encore Mexico","isPartOf":{"@id":"https:\/\/old.encore-mx.com\/#website"},"primaryImageOfPage":{"@id":"https:\/\/old.encore-mx.com\/es\/bandwidth-calculator\/#primaryimage"},"image":{"@id":"https:\/\/old.encore-mx.com\/es\/bandwidth-calculator\/#primaryimage"},"thumbnailUrl":"https:\/\/cdn.encoreglobal.com\/wp-content\/uploads\/sites\/4\/2020\/08\/05171901\/Bandwidth-Calculator-Image.jpg","datePublished":"2020-07-11T05:36:44+00:00","dateModified":"2021-09-28T15:44:04+00:00","description":"C\u00f3mo funciona Ingresa un n\u00famero estimado de asistentes a la reuni\u00f3n, tipos de uso y si te gustar\u00eda soportar el uso de multiples dispositivos por","breadcrumb":{"@id":"https:\/\/old.encore-mx.com\/es\/bandwidth-calculator\/#breadcrumb"},"inLanguage":"es","potentialAction":[{"@type":"ReadAction","target":["https:\/\/old.encore-mx.com\/es\/bandwidth-calculator\/"]}]},{"@type":"ImageObject","inLanguage":"es","@id":"https:\/\/old.encore-mx.com\/es\/bandwidth-calculator\/#primaryimage","url":"https:\/\/cdn.encoreglobal.com\/wp-content\/uploads\/sites\/4\/2020\/08\/05171901\/Bandwidth-Calculator-Image.jpg","contentUrl":"https:\/\/cdn.encoreglobal.com\/wp-content\/uploads\/sites\/4\/2020\/08\/05171901\/Bandwidth-Calculator-Image.jpg","width":2500,"height":1667},{"@type":"BreadcrumbList","@id":"https:\/\/old.encore-mx.com\/es\/bandwidth-calculator\/#breadcrumb","itemListElement":[{"@type":"ListItem","position":1,"name":"Home","item":"https:\/\/old.encore-mx.com\/es\/"},{"@type":"ListItem","position":2,"name":"Calculadora de Ancho de Banda"}]},{"@type":"WebSite","@id":"https:\/\/old.encore-mx.com\/#website","url":"https:\/\/old.encore-mx.com\/","name":"Encore Mexico","description":"Events That Transform","publisher":{"@id":"https:\/\/old.encore-mx.com\/#organization"},"potentialAction":[{"@type":"SearchAction","target":{"@type":"EntryPoint","urlTemplate":"https:\/\/old.encore-mx.com\/?s={search_term_string}"},"query-input":{"@type":"PropertyValueSpecification","valueRequired":true,"valueName":"search_term_string"}}],"inLanguage":"es"},{"@type":"Organization","@id":"https:\/\/old.encore-mx.com\/#organization","name":"Encore Mexico","url":"https:\/\/old.encore-mx.com\/","logo":{"@type":"ImageObject","inLanguage":"es","@id":"https:\/\/old.encore-mx.com\/#\/schema\/logo\/image\/","url":"https:\/\/cdn.encoreglobal.com\/wp-content\/uploads\/sites\/4\/2020\/08\/05172619\/Encore-Logo_Horiz.png","contentUrl":"https:\/\/cdn.encoreglobal.com\/wp-content\/uploads\/sites\/4\/2020\/08\/05172619\/Encore-Logo_Horiz.png","width":1523,"height":476,"caption":"Encore Mexico"},"image":{"@id":"https:\/\/old.encore-mx.com\/#\/schema\/logo\/image\/"}}]}},"_links":{"self":[{"href":"https:\/\/old.encore-mx.com\/es\/wp-json\/wp\/v2\/pages\/1909","targetHints":{"allow":["GET"]}}],"collection":[{"href":"https:\/\/old.encore-mx.com\/es\/wp-json\/wp\/v2\/pages"}],"about":[{"href":"https:\/\/old.encore-mx.com\/es\/wp-json\/wp\/v2\/types\/page"}],"author":[{"embeddable":true,"href":"https:\/\/old.encore-mx.com\/es\/wp-json\/wp\/v2\/users\/6934"}],"replies":[{"embeddable":true,"href":"https:\/\/old.encore-mx.com\/es\/wp-json\/wp\/v2\/comments?post=1909"}],"version-history":[{"count":0,"href":"https:\/\/old.encore-mx.com\/es\/wp-json\/wp\/v2\/pages\/1909\/revisions"}],"wp:featuredmedia":[{"embeddable":true,"href":"https:\/\/old.encore-mx.com\/es\/wp-json\/wp\/v2\/media\/1670"}],"wp:attachment":[{"href":"https:\/\/old.encore-mx.com\/es\/wp-json\/wp\/v2\/media?parent=1909"}],"wp:term":[{"taxonomy":"post_tag","embeddable":true,"href":"https:\/\/old.encore-mx.com\/es\/wp-json\/wp\/v2\/tags?post=1909"}],"curies":[{"name":"wp","href":"https:\/\/api.w.org\/{rel}","templated":true}]}}